{"id":26,"date":"2022-03-14T14:35:13","date_gmt":"2022-03-14T14:35:13","guid":{"rendered":"https:\/\/plansaludando.com\/costa-rica\/?page_id=26"},"modified":"2025-07-31T19:31:12","modified_gmt":"2025-07-31T19:31:12","slug":"cuidando-ando","status":"publish","type":"page","link":"https:\/\/plansaludando.com\/costa-rica\/cuidando-ando\/","title":{"rendered":"Cuidando ando"},"content":{"rendered":"<div class=\"wpb-content-wrapper\"><p>[vc_row el_class=&#8221;section-heading&#8221;][vc_column]        <div class=\"baumchild_custom_heading col p-0 text-center \"><!-- cS-hidden -->\r\n            <div style=\"height: 35px\" class=\"col p-0\">&nbsp;<\/div>\r\n            <div class=\"baumchild_custom_heading_content mw-720\">\r\n                <p>\u00a1Hola!<\/p>\r\n                <h1>Plan SaludAndo<\/h1>\n                <p>Somos el plan amigo que le apoya y le saluda, invit\u00e1ndole a empoderarse de su condici\u00f3n m\u00e9dica y a tomar el control de su salud. \u00a1Viva la experiencia completa descargando la aplicaci\u00f3n!<\/p>\r\n            <\/div>\r\n            <div style=\"height: 35px\" class=\"col p-0\">&nbsp;<\/div>\r\n        <\/div>\r\n        [vc_empty_space height=&#8221;35px&#8221;][\/vc_column][\/vc_row][vc_row el_class=&#8221;section-content con-salud-ando carrusel&#8221;][vc_column width=&#8221;1\/2&#8243; css=&#8221;.vc_custom_1647901302641{background-color: #d2ebfe !important;}&#8221;][vc_column_text]\u00a1Hey!<\/p>\n<h2>Conozca nuestros consejos de uso<\/h2>\n<p>Nos interesa que le saque el m\u00e1ximo provecho al plan SaludAndo, por eso le compartimos esta serie de consejos.[\/vc_column_text][\/vc_column][vc_column width=&#8221;1\/2&#8243; css=&#8221;.vc_custom_1647901309637{background-color: #d2ebfe !important;}&#8221;]<style><\/style><div class=\"wpb-content-wrapper\"><p>[vc_row el_class=&#8221;con-salud-ando cards cS-hidden&#8221;][vc_column]                    <div class=\"vc_blurb manage \">\r\n                <div class=\"vc_blurb custom-baum-blurb blurb-image \">\r\n            <div class=\"blurb-media\"   >\r\n                                <span  class=\"media-wrapper\">\r\n                    <img loading=\"lazy\" decoding=\"async\" width=\"600\" height=\"399\" src=\"https:\/\/plansaludando.com\/costa-rica\/wp-content\/uploads\/sites\/2\/2022\/03\/consaludando_image_2.png\" class=\"attachment- size-\" alt=\"\" srcset=\"https:\/\/plansaludando.com\/costa-rica\/wp-content\/uploads\/sites\/2\/2022\/03\/consaludando_image_2.png 600w, https:\/\/plansaludando.com\/costa-rica\/wp-content\/uploads\/sites\/2\/2022\/03\/consaludando_image_2-300x200.png 300w\" sizes=\"auto, (max-width: 34.9rem) calc(100vw - 2rem), (max-width: 53rem) calc(8 * (100vw \/ 12)), (min-width: 53rem) calc(6 * (100vw \/ 12)), 100vw\" \/>                <\/span>\r\n                            <\/div>\r\n            <div class=\"blurb-content\">\r\n                <p><strong>\u00a1Descargue la app! <\/strong><\/p>\n<p>Viva la experiencia completa que le brinda SaludAndo al descargar la app.<\/p>\n            <\/div>\r\n                            <div class=\"blurb-footer\" data-string=\"\">\r\n                                    <\/div>\r\n                    <\/div>\r\n                    <\/div>\r\n        \r\n                            <div class=\"vc_blurb manage \">\r\n                <div class=\"vc_blurb custom-baum-blurb blurb-image \">\r\n            <div class=\"blurb-media\"   >\r\n                                <span  class=\"media-wrapper\">\r\n                    <img loading=\"lazy\" decoding=\"async\" width=\"600\" height=\"399\" src=\"https:\/\/plansaludando.com\/costa-rica\/wp-content\/uploads\/sites\/2\/2022\/03\/consaludando_image_1.png\" class=\"attachment- size-\" alt=\"\" srcset=\"https:\/\/plansaludando.com\/costa-rica\/wp-content\/uploads\/sites\/2\/2022\/03\/consaludando_image_1.png 600w, https:\/\/plansaludando.com\/costa-rica\/wp-content\/uploads\/sites\/2\/2022\/03\/consaludando_image_1-300x200.png 300w\" sizes=\"auto, (max-width: 34.9rem) calc(100vw - 2rem), (max-width: 53rem) calc(8 * (100vw \/ 12)), (min-width: 53rem) calc(6 * (100vw \/ 12)), 100vw\" \/>                <\/span>\r\n                            <\/div>\r\n            <div class=\"blurb-content\">\r\n                <p><strong>Reg\u00edstrese en unos segundos<\/strong><\/p>\n<p>No espere m\u00e1s, solo necesita tener a mano su c\u00e9dula y datos b\u00e1sicos de contacto.<\/p>\n            <\/div>\r\n                            <div class=\"blurb-footer\" data-string=\"\">\r\n                                    <\/div>\r\n                    <\/div>\r\n                    <\/div>\r\n        \r\n                            <div class=\"vc_blurb manage \">\r\n                <div class=\"vc_blurb custom-baum-blurb blurb-image \">\r\n            <div class=\"blurb-media\"   >\r\n                                <span  class=\"media-wrapper\">\r\n                    <img loading=\"lazy\" decoding=\"async\" width=\"600\" height=\"400\" src=\"https:\/\/plansaludando.com\/costa-rica\/wp-content\/uploads\/sites\/2\/2022\/03\/saying-hello-2021-09-24-02-56-12-utc.png\" class=\"attachment- size-\" alt=\"\" srcset=\"https:\/\/plansaludando.com\/costa-rica\/wp-content\/uploads\/sites\/2\/2022\/03\/saying-hello-2021-09-24-02-56-12-utc.png 600w, https:\/\/plansaludando.com\/costa-rica\/wp-content\/uploads\/sites\/2\/2022\/03\/saying-hello-2021-09-24-02-56-12-utc-300x200.png 300w\" sizes=\"auto, (max-width: 34.9rem) calc(100vw - 2rem), (max-width: 53rem) calc(8 * (100vw \/ 12)), (min-width: 53rem) calc(6 * (100vw \/ 12)), 100vw\" \/>                <\/span>\r\n                            <\/div>\r\n            <div class=\"blurb-content\">\r\n                <p><strong>\u00a1Pregunte siempre por su acumulado!<\/strong><\/p>\n<p>Recuerde siempre asegurarse que le coloquen el acumulado en su perfil al comprar sus medicamentos del Plan en las farmacias participantes.<\/p>\n            <\/div>\r\n                            <div class=\"blurb-footer\" data-string=\"\">\r\n                                    <\/div>\r\n                    <\/div>\r\n                    <\/div>\r\n        \r\n                            <div class=\"vc_blurb manage \">\r\n                <div class=\"vc_blurb custom-baum-blurb blurb-image \">\r\n            <div class=\"blurb-media\"   >\r\n                                <span  class=\"media-wrapper\">\r\n                    <img loading=\"lazy\" decoding=\"async\" width=\"600\" height=\"400\" src=\"https:\/\/plansaludando.com\/costa-rica\/wp-content\/uploads\/sites\/2\/2022\/03\/senior-couple-say-hi-look-at-camera-2021-08-31-06-19-24-utc.png\" class=\"attachment- size-\" alt=\"\" srcset=\"https:\/\/plansaludando.com\/costa-rica\/wp-content\/uploads\/sites\/2\/2022\/03\/senior-couple-say-hi-look-at-camera-2021-08-31-06-19-24-utc.png 600w, https:\/\/plansaludando.com\/costa-rica\/wp-content\/uploads\/sites\/2\/2022\/03\/senior-couple-say-hi-look-at-camera-2021-08-31-06-19-24-utc-300x200.png 300w\" sizes=\"auto, (max-width: 34.9rem) calc(100vw - 2rem), (max-width: 53rem) calc(8 * (100vw \/ 12)), (min-width: 53rem) calc(6 * (100vw \/ 12)), 100vw\" \/>                <\/span>\r\n                            <\/div>\r\n            <div class=\"blurb-content\">\r\n                <p><strong>Revise su acumulado cuando guste<\/strong><\/p>\n<p>Desde nuestra app puede revisar el control de su acumulado en tiempo real.<\/p>\n            <\/div>\r\n                            <div class=\"blurb-footer\" data-string=\"\">\r\n                                    <\/div>\r\n                    <\/div>\r\n                    <\/div>\r\n        \r\n                            <div class=\"vc_blurb manage \">\r\n                <div class=\"vc_blurb custom-baum-blurb blurb-image \">\r\n            <div class=\"blurb-media\"   >\r\n                                <span  class=\"media-wrapper\">\r\n                    <img loading=\"lazy\" decoding=\"async\" width=\"600\" height=\"400\" src=\"https:\/\/plansaludando.com\/costa-rica\/wp-content\/uploads\/sites\/2\/2022\/03\/senior-retired-man-saying-hello-2021-08-29-05-49-55-utc.png\" class=\"attachment- size-\" alt=\"\" srcset=\"https:\/\/plansaludando.com\/costa-rica\/wp-content\/uploads\/sites\/2\/2022\/03\/senior-retired-man-saying-hello-2021-08-29-05-49-55-utc.png 600w, https:\/\/plansaludando.com\/costa-rica\/wp-content\/uploads\/sites\/2\/2022\/03\/senior-retired-man-saying-hello-2021-08-29-05-49-55-utc-300x200.png 300w\" sizes=\"auto, (max-width: 34.9rem) calc(100vw - 2rem), (max-width: 53rem) calc(8 * (100vw \/ 12)), (min-width: 53rem) calc(6 * (100vw \/ 12)), 100vw\" \/>                <\/span>\r\n                            <\/div>\r\n            <div class=\"blurb-content\">\r\n                <p><strong>Acumulando Ando<\/strong><\/p>\n<p>Todas las compras de productos participantes acumulan siempre, incluso las compras donde decida usar su acumulado como descuento \u00a1tambi\u00e9n esas compran acumulan!<\/p>\n            <\/div>\r\n                            <div class=\"blurb-footer\" data-string=\"\">\r\n                                    <\/div>\r\n                    <\/div>\r\n                    <\/div>\r\n        \r\n        [\/vc_column][\/vc_row]<\/p>\n<\/div>[\/vc_column][\/vc_row][vc_row][vc_column][vc_empty_space height=&#8221;35px&#8221;][\/vc_column][\/vc_row][vc_row full_width=&#8221;stretch_row&#8221; el_class=&#8221;section-content con-salud-ando cards&#8221; css=&#8221;.vc_custom_1647959904673{background-color: #ffcc00 !important;}&#8221;][vc_column width=&#8221;1\/2&#8243;][vc_column_text]\u00a1Hey!<\/p>\n<h2>Somos Sandoz.<\/h2>\n<p>Somos una compa\u00f1\u00eda farmac\u00e9utica donde los pacientes son el centro de lo que hacemos. Buscamos diariamente la inspiraci\u00f3n para crear nuevas formas y oportunidades para que m\u00e1s personas en Centroam\u00e9rica y el Caribe cuenten con m\u00e1s opciones para mejorar su bienestar y extender su calidad de vida.[\/vc_column_text][\/vc_column][vc_column width=&#8221;1\/2&#8243;][vc_single_image image=&#8221;500&#8243; img_size=&#8221;full&#8221; alignment=&#8221;center&#8221; css=&#8221;&#8221;][\/vc_column][\/vc_row][vc_row][vc_column][vc_empty_space height=&#8221;15px&#8221;][\/vc_column][\/vc_row][vc_section full_width=&#8221;stretch_row&#8221; content_placement=&#8221;middle&#8221; disable_element=&#8221;yes&#8221; el_class=&#8221;divenis py-4&#8243;][vc_row el_class=&#8221;text-white&#8221;][vc_column width=&#8221;1\/2&#8243;][vc_column_text]\u00a1Oye!<\/p>\n<h1>Ahora Divenis forma parte del plan<\/h1>\n<h4>\u00a1Le traemos una muy buena noticia!<\/h4>\n<h4>Nuestra lista de productos participantes sigue creciendo para que pueda ahorrar a\u00fan m\u00e1s al comprar sus medicamentos.<\/h4>\n<h4>Disfrute ahora de Divenis como parte de SaludAndo y siga cuidando de su salud con nosotros.<\/h4>\n<p>[\/vc_column_text]<style><\/style><div class=\"wpb-content-wrapper\"><p>[vc_row el_class=&#8221;apps&#8221;][vc_column][vc_single_image image=&#8221;65&#8243; img_size=&#8221;full&#8221; onclick=&#8221;custom_link&#8221; css=&#8221;&#8221; link=&#8221;https:\/\/play.google.com\/store\/apps\/details?id=com.baum.loyalty.saludando&#8221;][vc_single_image image=&#8221;62&#8243; img_size=&#8221;full&#8221; onclick=&#8221;custom_link&#8221; css=&#8221;&#8221; link=&#8221;https:\/\/apps.apple.com\/us\/app\/saludando\/id1665222986&#8243;][\/vc_column][\/vc_row]<\/p>\n<\/div>[\/vc_column][vc_column width=&#8221;1\/2&#8243;][vc_single_image image=&#8221;590&#8243; img_size=&#8221;full&#8221; alignment=&#8221;center&#8221;][\/vc_column][\/vc_row][\/vc_section][vc_row][vc_column][vc_empty_space height=&#8221;15px&#8221;][\/vc_column][\/vc_row][vc_row el_class=&#8221;section-content con-salud-ando reverse sociales&#8221;][vc_column width=&#8221;1\/2&#8243; css=&#8221;.vc_custom_1647965679407{background-color: #eeceef !important;}&#8221;][vc_column_text]Compartir la vida<\/p>\n<h2>Acompa\u00f1ando ando<\/h2>\n<p>Comience una conversaci\u00f3n con su madre o padre, abuelo o abuela, sobre lo que realmente importa en esta vida. En nuestra aplicaci\u00f3n encontrar\u00e1 historias con mensajes que podr\u00e1 compartir para iniciar esa charla.[\/vc_column_text][\/vc_column][vc_column width=&#8221;1\/2&#8243; el_class=&#8221;add_division&#8221; css=&#8221;.vc_custom_1647965671509{background-color: #eeceef !important;}&#8221;][vc_single_image image=&#8221;266&#8243; img_size=&#8221;full&#8221; alignment=&#8221;center&#8221;][\/vc_column][\/vc_row][vc_row][vc_column][vc_empty_space height=&#8221;35px&#8221;][\/vc_column][\/vc_row][vc_row el_class=&#8221;section-content con-salud-ando&#8221;][vc_column width=&#8221;1\/2&#8243; css=&#8221;.vc_custom_1647965698317{background-color: #ffcc00 !important;}&#8221;][vc_column_text]Wow<\/p>\n<h2>Nuevo feed saludable<\/h2>\n<p>En SaludAndo somos bienestar, por eso en esta secci\u00f3n podr\u00e1 encontrar art\u00edculos, materiales, im\u00e1genes, y mucho m\u00e1s, donde compartimos informaci\u00f3n y buscamos maneras para que cuidar su salud tambi\u00e9n sea algo divertido.[\/vc_column_text][\/vc_column][vc_column width=&#8221;1\/2&#8243; el_class=&#8221;add_division&#8221; css=&#8221;.vc_custom_1647965690344{background-color: #ffcc00 !important;}&#8221;][vc_single_image image=&#8221;267&#8243; img_size=&#8221;full&#8221; alignment=&#8221;center&#8221;][\/vc_column][\/vc_row][vc_row][vc_column][vc_empty_space height=&#8221;50px&#8221;][\/vc_column][\/vc_row][vc_row][vc_column][vc_column_text]<\/p>\n<p style=\"text-align: center;\">\u00a1Genial!<\/p>\n<h2 style=\"text-align: center;\">Novedades de nuestro feed saludable<\/h2>\n<p>[\/vc_column_text][\/vc_column][\/vc_row][vc_row el_class=&#8221;section-tabs section-feed-saludable&#8221;][vc_column][vc_tta_tabs][vc_tta_section title=&#8221;Art\u00edculos&#8221; tab_id=&#8221;1652903468932-2f865274-d8af&#8221;][vc_row_inner el_class=&#8221;section-feed-saludable heading&#8221;][vc_column_inner width=&#8221;1\/3&#8243;][vc_custom_heading text=&#8221;Salud del Coraz\u00f3n&#8221; font_container=&#8221;tag:h4|text_align:left&#8221; use_theme_fonts=&#8221;yes&#8221; css_animation=&#8221;fadeInLeft&#8221;][\/vc_column_inner][vc_column_inner width=&#8221;2\/3&#8243;][vc_column_text css_animation=&#8221;fadeInRight&#8221;]La salud del coraz\u00f3n es lo m\u00e1s importante, \u00a1cu\u00eddela con nosotros![\/vc_column_text][\/vc_column_inner][\/vc_row_inner][vc_row_inner css=&#8221;.vc_custom_1652976008106{margin-bottom: 40px !important;}&#8221;][vc_column_inner]        <div class=\" baumchild_grid\">\n            <div class=\"baumchild_grid_container d-flex flex-wrap py-3  cS-hidden\"> \n                                    <p class=\"text-center\"><strong>No hubo respuesta o no hay art\u00edculos en esta categor\u00eda.<\/strong><\/p>\n                            <\/div>\n        <\/div>\n        [\/vc_column_inner][\/vc_row_inner][vc_row_inner el_class=&#8221;section-feed-saludable heading&#8221;][vc_column_inner width=&#8221;1\/3&#8243;][vc_custom_heading text=&#8221;Bienestar&#8221; font_container=&#8221;tag:h4|text_align:left&#8221; use_theme_fonts=&#8221;yes&#8221; css_animation=&#8221;fadeInLeft&#8221;][\/vc_column_inner][vc_column_inner width=&#8221;2\/3&#8243;][vc_column_text css_animation=&#8221;fadeInRight&#8221;]Si su meta es tener una vida m\u00e1s saludable, esta secci\u00f3n es perfecta para usted, aqu\u00ed podr\u00e1 encontrar informaci\u00f3n para cuidar mejor de su salud.[\/vc_column_text][\/vc_column_inner][\/vc_row_inner][vc_row_inner css=&#8221;.vc_custom_1652976017622{margin-bottom: 40px !important;}&#8221;][vc_column_inner]        <div class=\" baumchild_grid\">\n            <div class=\"baumchild_grid_container d-flex flex-wrap py-3  cS-hidden\"> \n                                    <p class=\"text-center\"><strong>No hubo respuesta o no hay art\u00edculos en esta categor\u00eda.<\/strong><\/p>\n                            <\/div>\n        <\/div>\n        [\/vc_column_inner][\/vc_row_inner][\/vc_tta_section][vc_tta_section title=&#8221;Material \u00fatil&#8221; tab_id=&#8221;1652903468949-9223964b-fae1&#8243;][vc_row_inner el_class=&#8221;section-feed-saludable heading&#8221;][vc_column_inner width=&#8221;1\/3&#8243;][vc_custom_heading text=&#8221;Material \u00fatil&#8221; font_container=&#8221;tag:h4|text_align:left&#8221; use_theme_fonts=&#8221;yes&#8221; css_animation=&#8221;fadeInLeft&#8221;][\/vc_column_inner][vc_column_inner width=&#8221;2\/3&#8243;][vc_column_text css_animation=&#8221;fadeInRight&#8221;]Para que este camino sea a\u00fan m\u00e1s entretenido, le compartimos en esta secci\u00f3n material de apoyo, consejos, im\u00e1genes, y mucho m\u00e1s.[\/vc_column_text][\/vc_column_inner][\/vc_row_inner][vc_row_inner][vc_column_inner]        <div class=\" baumchild_grid\">\n            <div class=\"baumchild_grid_container d-flex flex-wrap py-3  cS-hidden\"> \n                                    <p class=\"text-center\"><strong>No hubo respuesta o no hay art\u00edculos en esta categor\u00eda.<\/strong><\/p>\n                            <\/div>\n        <\/div>\n        [\/vc_column_inner][\/vc_row_inner][\/vc_tta_section][\/vc_tta_tabs][\/vc_column][\/vc_row][vc_row][vc_column][vc_empty_space height=&#8221;50px&#8221;][\/vc_column][\/vc_row]<\/p>\n<\/div>","protected":false},"excerpt":{"rendered":"<p>[vc_row el_class=&#8221;section-heading&#8221;][vc_column][vc_empty_space height=&#8221;35px&#8221;][\/vc_column][\/vc_row][vc_row el_class=&#8221;section-content con-salud-ando carrusel&#8221;][vc_column width=&#8221;1\/2&#8243; css=&#8221;.vc_custom_1647901302641{background-color: #d2ebfe !important;}&#8221;][vc_column_text]\u00a1Hey! Conozca nuestros consejos de uso Nos interesa que le saque el m\u00e1ximo provecho al plan SaludAndo, por eso le compartimos esta serie de consejos.[\/vc_column_text][\/vc_column][vc_column width=&#8221;1\/2&#8243; css=&#8221;.vc_custom_1647901309637{background-color: #d2ebfe !important;}&#8221;][\/vc_column][\/vc_row][vc_row][vc_column][vc_empty_space height=&#8221;35px&#8221;][\/vc_column][\/vc_row][vc_row full_width=&#8221;stretch_row&#8221; el_class=&#8221;section-content con-salud-ando cards&#8221; css=&#8221;.vc_custom_1647959904673{background-color: #ffcc00 !important;}&#8221;][vc_column width=&#8221;1\/2&#8243;][vc_column_text]\u00a1Hey! Somos Sandoz. Somos una compa\u00f1\u00eda farmac\u00e9utica donde los&hellip;<\/p>\n","protected":false},"author":1,"featured_media":0,"parent":0,"menu_order":0,"comment_status":"closed","ping_status":"closed","template":"","meta":{"_acf_changed":false,"inline_featured_image":false,"footnotes":""},"class_list":["post-26","page","type-page","status-publish","hentry","entry"],"acf":[],"_links":{"self":[{"href":"https:\/\/plansaludando.com\/costa-rica\/wp-json\/wp\/v2\/pages\/26","targetHints":{"allow":["GET"]}}],"collection":[{"href":"https:\/\/plansaludando.com\/costa-rica\/wp-json\/wp\/v2\/pages"}],"about":[{"href":"https:\/\/plansaludando.com\/costa-rica\/wp-json\/wp\/v2\/types\/page"}],"author":[{"embeddable":true,"href":"https:\/\/plansaludando.com\/costa-rica\/wp-json\/wp\/v2\/users\/1"}],"replies":[{"embeddable":true,"href":"https:\/\/plansaludando.com\/costa-rica\/wp-json\/wp\/v2\/comments?post=26"}],"version-history":[{"count":21,"href":"https:\/\/plansaludando.com\/costa-rica\/wp-json\/wp\/v2\/pages\/26\/revisions"}],"predecessor-version":[{"id":752,"href":"https:\/\/plansaludando.com\/costa-rica\/wp-json\/wp\/v2\/pages\/26\/revisions\/752"}],"wp:attachment":[{"href":"https:\/\/plansaludando.com\/costa-rica\/wp-json\/wp\/v2\/media?parent=26"}],"curies":[{"name":"wp","href":"https:\/\/api.w.org\/{rel}","templated":true}]}}