{"id":28,"date":"2022-03-14T14:36:57","date_gmt":"2022-03-14T14:36:57","guid":{"rendered":"https:\/\/plansaludando.com\/costa-rica\/?page_id=28"},"modified":"2025-07-31T19:26:55","modified_gmt":"2025-07-31T19:26:55","slug":"soy-farmacia","status":"publish","type":"page","link":"https:\/\/plansaludando.com\/costa-rica\/soy-farmacia\/","title":{"rendered":"Soy Farmacia"},"content":{"rendered":"<div class=\"wpb-content-wrapper\"><p>[vc_row el_class=&#8221;section-heading&#8221;][vc_column]        <div class=\"baumchild_custom_heading col p-0 text-center \"><!-- cS-hidden -->\r\n            <div style=\"height: 35px\" class=\"col p-0\">&nbsp;<\/div>\r\n            <div class=\"baumchild_custom_heading_content mw-720\">\r\n                <p>\u00a1Buenas!<\/p>\r\n                <h1>Soy Farmacia<\/h1>\n                <p>Afilie su farmacia al plan SaludAndo de Sandoz, el plan perfecto para sus clientes.<\/p>\r\n            <\/div>\r\n            <div style=\"height: 35px\" class=\"col p-0\">&nbsp;<\/div>\r\n        <\/div>\r\n        [\/vc_column][\/vc_row][vc_row el_class=&#8221;section-content soy-farmacia&#8221;][vc_column width=&#8221;1\/2&#8243; css=&#8221;.vc_custom_1648050995402{background-color: #ffcc00 !important;}&#8221;][vc_column_text]\u00a1Magn\u00edfico!<\/p>\n<h2>Su farmacia tambi\u00e9n puede ser parte<\/h2>\n<p>SaludAndo es un plan sencillo que les permitir\u00e1 a sus clientes ahorrar desde la primera compra y aplicar descuentos a partir de la segunda. \u00a1Af\u00edliese ya![\/vc_column_text][\/vc_column][vc_column width=&#8221;1\/2&#8243; css=&#8221;.vc_custom_1648049528097{background-color: #ffcc00 !important;}&#8221; el_class=&#8221;add_division&#8221;][vc_single_image image=&#8221;291&#8243; img_size=&#8221;full&#8221; alignment=&#8221;center&#8221;][\/vc_column][\/vc_row][vc_row full_width=&#8221;stretch_row&#8221; el_class=&#8221;section-heading ventajas&#8221;][vc_column][vc_column_text]<\/p>\n<p style=\"text-align: center;\">\u00a1Incre\u00edble!<\/p>\n<h2 style=\"text-align: center;\">Conozca las ventajas de SaludAndo<\/h2>\n<p style=\"text-align: center;\">Somos el aliado perfecto de los cuidadores y pacientes, ya que les ofrecemos m\u00faltiples beneficios en un plan sencillo y de f\u00e1cil uso. Conozca por qu\u00e9 somos un plan <strong>diferente<\/strong>.<\/p>\n<p>[\/vc_column_text][\/vc_column][\/vc_row][vc_row el_class=&#8221;section-ventajas&#8221;][vc_column][vc_row_inner el_class=&#8221;row-ventajas&#8221;][vc_column_inner width=&#8221;1\/2&#8243;][vc_single_image image=&#8221;286&#8243; img_size=&#8221;full&#8221;][\/vc_column_inner][vc_column_inner width=&#8221;1\/2&#8243;][vc_column_text]<\/p>\n<h4>Otros Planes<\/h4>\n<p>[\/vc_column_text][\/vc_column_inner][\/vc_row_inner][vc_row_inner el_class=&#8221;row-ventajas&#8221;][vc_column_inner width=&#8221;1\/2&#8243;][vc_column_text]<strong>Acumula un monto<\/strong> que se deposita en el perfil del usuario. Se puede utilizar desde el primer monto acumulado.[\/vc_column_text][\/vc_column_inner][vc_column_inner width=&#8221;1\/2&#8243;][vc_column_text]Acumula compras, cajas, facturas o puntos para reunir un monto m\u00ednimo que sea aplicable luego de mucho tiempo. esfuerzo y alta inversi\u00f3n.[\/vc_column_text][\/vc_column_inner][\/vc_row_inner][vc_row_inner el_class=&#8221;row-ventajas&#8221;][vc_column_inner width=&#8221;1\/2&#8243;][vc_column_text]<strong>No necesita guardar ni enviar nada<\/strong>. \u00a1Se identifica en la farmacia y listo![\/vc_column_text][\/vc_column_inner][vc_column_inner width=&#8221;1\/2&#8243;][vc_column_text]Necesita guardar cajas, facturas, descargar cupones, entrar en sitios wed, enviar mensajes o muchos pasos m\u00e1s.[\/vc_column_text][\/vc_column_inner][\/vc_row_inner][vc_row_inner el_class=&#8221;row-ventajas&#8221;][vc_column_inner width=&#8221;1\/2&#8243;][vc_column_text]<strong>El beneficio es inmediato.<\/strong>[\/vc_column_text][\/vc_column_inner][vc_column_inner width=&#8221;1\/2&#8243;][vc_column_text]Necesita aprobaci\u00f3n y esperar horas o d\u00edas.[\/vc_column_text][\/vc_column_inner][\/vc_row_inner][vc_row_inner el_class=&#8221;row-ventajas&#8221;][vc_column_inner width=&#8221;1\/2&#8243;][vc_column_text]<strong>Proceso de registro \u00e1gil y amigable<\/strong>. La farmacia lo apoya usando una plataforma simple, y el usuario puede complementar el proceso desde su app donde ve su acumulado y tiene servicios adicionales.[\/vc_column_text][\/vc_column_inner][vc_column_inner width=&#8221;1\/2&#8243;][vc_column_text]<strong>Proceso complejo<\/strong>. Debe llamar, entrar en un sitio web, llenar formularios, esperar correos o mensajes de confirmaci\u00f3n.[\/vc_column_text][\/vc_column_inner][\/vc_row_inner][\/vc_column][\/vc_row][vc_row el_class=&#8221;section-content soy-farmacia reverse&#8221;][vc_column width=&#8221;1\/2&#8243; css=&#8221;.vc_custom_1648047671661{background-color: #eeceef !important;}&#8221;][vc_column_text]\u00a1Qu\u00e9 tal!<\/p>\n<h2>\u00a1Tan f\u00e1cil como decir hola!<\/h2>\n<ul>\n<li>Salude y sonr\u00eda a su cliente<\/li>\n<li>Con el n\u00famero de identificaci\u00f3n verifique:\n<ol>\n<li>Estado de la suscripci\u00f3n<\/li>\n<li>Monto acumulado<\/li>\n<\/ol>\n<\/li>\n<li>Facture la compra<\/li>\n<li>Con el n\u00famero de identificaci\u00f3n registre el descuento y n\u00famero de factura<\/li>\n<li>Igualmente con el n\u00famero de identificaci\u00f3n y factura registre el acumulado<\/li>\n<li>\u00a1Autom\u00e1ticamente todo se actualizar\u00e1 en el perfil del cliente!<\/li>\n<\/ul>\n<p>[\/vc_column_text][\/vc_column][vc_column width=&#8221;1\/2&#8243; css=&#8221;.vc_custom_1648049538041{background-color: #eeceef !important;}&#8221; el_class=&#8221;add_division&#8221;][vc_single_image image=&#8221;292&#8243; img_size=&#8221;full&#8221; alignment=&#8221;center&#8221;][\/vc_column][\/vc_row][vc_row disable_element=&#8221;yes&#8221; el_class=&#8221;section-content soy-farmacia&#8221;][vc_column width=&#8221;1\/2&#8243; css=&#8221;.vc_custom_1666981400110{background-color: #d2ebfe !important;}&#8221;][vc_column_text]\u00a1Hey!<\/p>\n<h2>Exclusivo para personal de farmacia<\/h2>\n<p>En caso de consultas sobre la mec\u00e1nica del Plan, soporte t\u00e9cnico y cambios en transacciones reportadas coloque su caso en <a href=\"http:\/\/www.holameayudas.com\/\">www.holameayudas.com<\/a> o directamente con su Promotor Sandoz asignado.[\/vc_column_text][\/vc_column][vc_column width=&#8221;1\/2&#8243; css=&#8221;.vc_custom_1666981362284{background-color: #d2ebfe !important;}&#8221; el_class=&#8221;add_division&#8221;][vc_single_image image=&#8221;533&#8243; img_size=&#8221;full&#8221; alignment=&#8221;center&#8221;][\/vc_column][\/vc_row][vc_row][vc_column][vc_empty_space height=&#8221;50px&#8221;][\/vc_column][\/vc_row][vc_row full_width=&#8221;stretch_row&#8221; css=&#8221;.vc_custom_1648048447110{background-color: #6298ce !important;}&#8221;][vc_column][vc_row_inner][vc_column_inner]        <div class=\"baumchild_custom_heading col p-0 text-center text-white\"><!-- cS-hidden -->\r\n            <div style=\"height: 35px\" class=\"col p-0\">&nbsp;<\/div>\r\n            <div class=\"baumchild_custom_heading_content mw-720\">\r\n                <p>\u00bfQu\u00e9 espera?<\/p>\r\n                <h1>\u00a1Afilie su farmacia al plan SaludAndo!<\/h1>\n                <p><\/p>\r\n            <\/div>\r\n            <div style=\"height: 35px\" class=\"col p-0\">&nbsp;<\/div>\r\n        <\/div>\r\n        [\/vc_column_inner][\/vc_row_inner][vc_row_inner el_class=&#8221;mw-720 text-white&#8221;][vc_column_inner]\n<div class=\"wpcf7 no-js\" id=\"wpcf7-f5-o1\" lang=\"es-CR\" dir=\"ltr\" data-wpcf7-id=\"5\">\n<div class=\"screen-reader-response\"><p role=\"status\" aria-live=\"polite\" aria-atomic=\"true\"><\/p> <ul><\/ul><\/div>\n<form action=\"\/costa-rica\/wp-json\/wp\/v2\/pages\/28#wpcf7-f5-o1\" method=\"post\" class=\"wpcf7-form init\" aria-label=\"Contact form\" novalidate=\"novalidate\" data-status=\"init\">\n<fieldset class=\"hidden-fields-container\"><input type=\"hidden\" name=\"_wpcf7\" value=\"5\" \/><input type=\"hidden\" name=\"_wpcf7_version\" value=\"6.1.5\" \/><input type=\"hidden\" name=\"_wpcf7_locale\" value=\"es_CR\" \/><input type=\"hidden\" name=\"_wpcf7_unit_tag\" value=\"wpcf7-f5-o1\" \/><input type=\"hidden\" name=\"_wpcf7_container_post\" value=\"0\" \/><input type=\"hidden\" name=\"_wpcf7_posted_data_hash\" value=\"\" \/><input type=\"hidden\" name=\"_wpcf7_recaptcha_response\" value=\"\" \/>\n<\/fieldset>\n<div class=\"form-row\">\n\t<div class=\"col-sm-6\">\n\t\t<div class=\"form-group\">\n\t\t\t<p><label>Nombre de la Farmacia<\/label><br \/>\n<span class=\"wpcf7-form-control-wrap\" data-name=\"Nombre-farmacia\"><input size=\"40\" maxlength=\"400\" class=\"wpcf7-form-control wpcf7-text wpcf7-validates-as-required\" aria-required=\"true\" aria-invalid=\"false\" placeholder=\"Ej. Farmacia del pueblo\" value=\"\" type=\"text\" name=\"Nombre-farmacia\" \/><\/span>\n\t\t\t<\/p>\n\t\t<\/div>\n\t<\/div>\n\t<div class=\"col-sm-6\">\n\t\t<div class=\"form-group\">\n\t\t\t<p><label>Nombre del contacto *<\/label><br \/>\n<span class=\"wpcf7-form-control-wrap\" data-name=\"Nombre-contacto\"><input size=\"40\" maxlength=\"400\" class=\"wpcf7-form-control wpcf7-text wpcf7-validates-as-required\" aria-required=\"true\" aria-invalid=\"false\" placeholder=\"Ej. Juan G\u00f3mez Padilla\" value=\"\" type=\"text\" name=\"Nombre-contacto\" \/><\/span>\n\t\t\t<\/p>\n\t\t<\/div>\n\t<\/div>\n<\/div>\n<div class=\"form-row \">\n\t<div class=\"col-md-4\">\n\t\t<div class=\"form-group\">\n\t\t\t<p><label>Pa\u00eds <\/label><br \/>\n<span class=\"wpcf7-form-control-wrap\" data-name=\"Pais\"><select class=\"wpcf7-form-control wpcf7-select wpcf7-validates-as-required\" aria-required=\"true\" aria-invalid=\"false\" name=\"Pais\"><option value=\"Seleccione un pa\u00eds\">Seleccione un pa\u00eds<\/option><option value=\"Costa Rica\">Costa Rica<\/option><\/select><\/span>\n\t\t\t<\/p>\n\t\t<\/div>\n\t<\/div>\n\t<div class=\"col-md-4\">\n\t\t<div class=\"form-group\">\n\t\t\t<p><label>N\u00famero de tel\u00e9fono<\/label><br \/>\n<span class=\"wpcf7-form-control-wrap\" data-name=\"Telephone\"><input size=\"40\" maxlength=\"400\" class=\"wpcf7-form-control wpcf7-tel wpcf7-validates-as-required wpcf7-text wpcf7-validates-as-tel\" aria-required=\"true\" aria-invalid=\"false\" placeholder=\"88888888\" value=\"\" type=\"tel\" name=\"Telephone\" \/><\/span>\n\t\t\t<\/p>\n\t\t<\/div>\n\t<\/div>\n\t<div class=\"col-md-4\">\n\t\t<div class=\"form-group\">\n\t\t\t<p><label>Email<\/label><br \/>\n<span class=\"wpcf7-form-control-wrap\" data-name=\"Email\"><input size=\"40\" maxlength=\"400\" class=\"wpcf7-form-control wpcf7-email wpcf7-validates-as-required wpcf7-text wpcf7-validates-as-email\" aria-required=\"true\" aria-invalid=\"false\" placeholder=\"Ej. email@example.com\" value=\"\" type=\"email\" name=\"Email\" \/><\/span>\n\t\t\t<\/p>\n\t\t<\/div>\n\t<\/div>\n<\/div>\n<div class=\"form-row\">\n\t<div class=\"col\">\n\t\t<div class=\"form-group\">\n\t\t\t<p><span class=\"wpcf7-form-control-wrap\" data-name=\"acepta-terminos\"><span class=\"wpcf7-form-control wpcf7-acceptance\"><span class=\"wpcf7-list-item\"><label><input type=\"checkbox\" name=\"acepta-terminos\" value=\"1\" aria-invalid=\"false\" \/><span class=\"wpcf7-list-item-label\">Sus datos personales ser\u00e1n recabados \u00fanicamente como punto de contacto con la farmacia \n        sobre la cual usted est\u00e1 solicitando registro. En caso que usted desee ejercer sus derechos \n        de acceso, consulte el <a href=\"https:\/\/plansaludando.com\/costa-rica\/aviso-de-privacidad\/\" target=\"_blank\" rel=\"noreferrer\" style=\"color:#fff\">aviso de privacidad de Sandoz<\/a><\/span><\/label><\/span><\/span><\/span>\n\t\t\t<\/p>\n\t\t<\/div>\n\t<\/div>\n<\/div>\n<div class=\"form-row\">\n\t<div class=\"col\">\n\t\t<div class=\"form-group text-center\">\n\t\t\t<div class=\"button-wrap\">\n\t\t\t\t<p><button class=\"wpcf7-form-control wpcf7-submit btn btn-secondary\"><i class=\"bi bi-envelope mr-2\"><\/i> \u00a1Quiero ser parte!<\/button>\n\t\t\t\t<\/p>\n\t\t\t<\/div>\n\t\t<\/div>\n\t<\/div>\n<\/div><div class=\"wpcf7-response-output\" aria-hidden=\"true\"><\/div>\n<\/form>\n<\/div>\n[\/vc_column_inner][\/vc_row_inner][vc_empty_space height=&#8221;50px&#8221;][\/vc_column][\/vc_row]<\/p>\n<\/div>","protected":false},"excerpt":{"rendered":"<p>[vc_row el_class=&#8221;section-heading&#8221;][vc_column][\/vc_column][\/vc_row][vc_row el_class=&#8221;section-content soy-farmacia&#8221;][vc_column width=&#8221;1\/2&#8243; css=&#8221;.vc_custom_1648050995402{background-color: #ffcc00 !important;}&#8221;][vc_column_text]\u00a1Magn\u00edfico! Su farmacia tambi\u00e9n puede ser parte SaludAndo es un plan sencillo que les permitir\u00e1 a sus clientes ahorrar desde la primera compra y aplicar descuentos a partir de la segunda. \u00a1Af\u00edliese ya![\/vc_column_text][\/vc_column][vc_column width=&#8221;1\/2&#8243; css=&#8221;.vc_custom_1648049528097{background-color: #ffcc00 !important;}&#8221; el_class=&#8221;add_division&#8221;][vc_single_image image=&#8221;291&#8243; img_size=&#8221;full&#8221; alignment=&#8221;center&#8221;][\/vc_column][\/vc_row][vc_row full_width=&#8221;stretch_row&#8221; el_class=&#8221;section-heading ventajas&#8221;][vc_column][vc_column_text] \u00a1Incre\u00edble! Conozca las ventajas&hellip;<\/p>\n","protected":false},"author":1,"featured_media":0,"parent":0,"menu_order":0,"comment_status":"closed","ping_status":"closed","template":"","meta":{"_acf_changed":false,"inline_featured_image":false,"footnotes":""},"class_list":["post-28","page","type-page","status-publish","hentry","entry"],"acf":[],"_links":{"self":[{"href":"https:\/\/plansaludando.com\/costa-rica\/wp-json\/wp\/v2\/pages\/28","targetHints":{"allow":["GET"]}}],"collection":[{"href":"https:\/\/plansaludando.com\/costa-rica\/wp-json\/wp\/v2\/pages"}],"about":[{"href":"https:\/\/plansaludando.com\/costa-rica\/wp-json\/wp\/v2\/types\/page"}],"author":[{"embeddable":true,"href":"https:\/\/plansaludando.com\/costa-rica\/wp-json\/wp\/v2\/users\/1"}],"replies":[{"embeddable":true,"href":"https:\/\/plansaludando.com\/costa-rica\/wp-json\/wp\/v2\/comments?post=28"}],"version-history":[{"count":5,"href":"https:\/\/plansaludando.com\/costa-rica\/wp-json\/wp\/v2\/pages\/28\/revisions"}],"predecessor-version":[{"id":750,"href":"https:\/\/plansaludando.com\/costa-rica\/wp-json\/wp\/v2\/pages\/28\/revisions\/750"}],"wp:attachment":[{"href":"https:\/\/plansaludando.com\/costa-rica\/wp-json\/wp\/v2\/media?parent=28"}],"curies":[{"name":"wp","href":"https:\/\/api.w.org\/{rel}","templated":true}]}}