{"id":26,"date":"2022-03-14T14:35:13","date_gmt":"2022-03-14T18:35:13","guid":{"rendered":"https:\/\/plansaludando.com\/trinidad-and-tobago\/?page_id=26"},"modified":"2024-03-11T10:47:00","modified_gmt":"2024-03-11T14:47:00","slug":"saludando-news","status":"publish","type":"page","link":"https:\/\/plansaludando.com\/trinidad-and-tobago\/saludando-news\/","title":{"rendered":"Saludando News"},"content":{"rendered":"<div class=\"wpb-content-wrapper\"><p>[vc_row el_class=&#8221;section-heading&#8221;][vc_column]        <div class=\"baumchild_custom_heading col p-0 text-center \"><!-- cS-hidden -->\r\n            <div style=\"height: 35px\" class=\"col p-0\">&nbsp;<\/div>\r\n            <div class=\"baumchild_custom_heading_content mw-720\">\r\n                <p>It's time to say Hello to a new Plan<\/p>\r\n                <h1>SaludAndo<\/h1>\n                <p>This is the Plan that gives you more access and control over your treatment purchases<\/p>\r\n            <\/div>\r\n            <div style=\"height: 35px\" class=\"col p-0\">&nbsp;<\/div>\r\n        <\/div>\r\n        [vc_column_text el_class=&#8221;line-height&#8221;]<\/p>\n<p style=\"text-align: center;\">We want to welcome you and support you always! Enjoy the experience of saving every time you get one of the SaludAndo selected medications at your preferred pharmacy.<\/p>\n<p style=\"text-align: center;\">Enjoy the full experience downloading SaludAndo App<\/p>\n<p>[\/vc_column_text][vc_empty_space height=&#8221;35px&#8221;][\/vc_column][\/vc_row][vc_row el_class=&#8221;section-content con-salud-ando carrusel&#8221;][vc_column width=&#8221;1\/2&#8243; css=&#8221;.vc_custom_1647901302641{background-color: #d2ebfe !important;}&#8221;][vc_column_text]Hi!<\/p>\n<h2>Learn more by following these tips<\/h2>\n<p>We want you to get the most out of the SaludAndo Plan, so don&#8217;t miss this information![\/vc_column_text][\/vc_column][vc_column width=&#8221;1\/2&#8243; css=&#8221;.vc_custom_1647901309637{background-color: #d2ebfe !important;}&#8221;]<style><\/style><div class=\"wpb-content-wrapper\"><p>[vc_row el_class=&#8221;con-salud-ando cards cS-hidden&#8221;][vc_column]                    <div class=\"vc_blurb manage \">\r\n                <div class=\"vc_blurb custom-baum-blurb blurb-image \">\r\n            <div class=\"blurb-media\"   >\r\n                                <span  class=\"media-wrapper\">\r\n                    <img loading=\"lazy\" decoding=\"async\" width=\"600\" height=\"400\" src=\"https:\/\/plansaludando.com\/trinidad-and-tobago\/wp-content\/uploads\/sites\/3\/2022\/03\/2.png\" class=\"attachment- size-\" alt=\"\" srcset=\"https:\/\/plansaludando.com\/trinidad-and-tobago\/wp-content\/uploads\/sites\/3\/2022\/03\/2.png 600w, https:\/\/plansaludando.com\/trinidad-and-tobago\/wp-content\/uploads\/sites\/3\/2022\/03\/2-300x200.png 300w\" sizes=\"auto, (max-width: 34.9rem) calc(100vw - 2rem), (max-width: 53rem) calc(8 * (100vw \/ 12)), (min-width: 53rem) calc(6 * (100vw \/ 12)), 100vw\" \/>                <\/span>\r\n                            <\/div>\r\n            <div class=\"blurb-content\">\r\n                <p><strong>Download the App<\/strong><\/p>\n<p>Live the full Plan experience by downloading SaludAndo App<\/p>\n            <\/div>\r\n                            <div class=\"blurb-footer\" data-string=\"\">\r\n                                    <\/div>\r\n                    <\/div>\r\n                    <\/div>\r\n        \r\n                            <div class=\"vc_blurb manage \">\r\n                <div class=\"vc_blurb custom-baum-blurb blurb-image \">\r\n            <div class=\"blurb-media\"   >\r\n                                <span  class=\"media-wrapper\">\r\n                    <img loading=\"lazy\" decoding=\"async\" width=\"600\" height=\"400\" src=\"https:\/\/plansaludando.com\/trinidad-and-tobago\/wp-content\/uploads\/sites\/3\/2022\/03\/4.png\" class=\"attachment- size-\" alt=\"\" srcset=\"https:\/\/plansaludando.com\/trinidad-and-tobago\/wp-content\/uploads\/sites\/3\/2022\/03\/4.png 600w, https:\/\/plansaludando.com\/trinidad-and-tobago\/wp-content\/uploads\/sites\/3\/2022\/03\/4-300x200.png 300w\" sizes=\"auto, (max-width: 34.9rem) calc(100vw - 2rem), (max-width: 53rem) calc(8 * (100vw \/ 12)), (min-width: 53rem) calc(6 * (100vw \/ 12)), 100vw\" \/>                <\/span>\r\n                            <\/div>\r\n            <div class=\"blurb-content\">\r\n                <p><strong>Sign up in seconds<\/strong><\/p>\n<p>Don&#8217;t delay any longer! For your registration, you just need to have your ID and basic contact information handy.<\/p>\n            <\/div>\r\n                            <div class=\"blurb-footer\" data-string=\"\">\r\n                                    <\/div>\r\n                    <\/div>\r\n                    <\/div>\r\n        \r\n                            <div class=\"vc_blurb manage \">\r\n                <div class=\"vc_blurb custom-baum-blurb blurb-image \">\r\n            <div class=\"blurb-media\"   >\r\n                                <span  class=\"media-wrapper\">\r\n                    <img loading=\"lazy\" decoding=\"async\" width=\"600\" height=\"400\" src=\"https:\/\/plansaludando.com\/trinidad-and-tobago\/wp-content\/uploads\/sites\/3\/2022\/03\/1.png\" class=\"attachment- size-\" alt=\"\" srcset=\"https:\/\/plansaludando.com\/trinidad-and-tobago\/wp-content\/uploads\/sites\/3\/2022\/03\/1.png 600w, https:\/\/plansaludando.com\/trinidad-and-tobago\/wp-content\/uploads\/sites\/3\/2022\/03\/1-300x200.png 300w\" sizes=\"auto, (max-width: 34.9rem) calc(100vw - 2rem), (max-width: 53rem) calc(8 * (100vw \/ 12)), (min-width: 53rem) calc(6 * (100vw \/ 12)), 100vw\" \/>                <\/span>\r\n                            <\/div>\r\n            <div class=\"blurb-content\">\r\n                <p><strong>Ask always for your &#8220;SaludAndo Dollars&#8221; accumulation<\/strong><\/p>\n<p>Don\u00b4t leave the pharmacy until you check that your accumulation has been submitted.<\/p>\n            <\/div>\r\n                            <div class=\"blurb-footer\" data-string=\"\">\r\n                                    <\/div>\r\n                    <\/div>\r\n                    <\/div>\r\n        \r\n                            <div class=\"vc_blurb manage \">\r\n                <div class=\"vc_blurb custom-baum-blurb blurb-image \">\r\n            <div class=\"blurb-media\"   >\r\n                                <span  class=\"media-wrapper\">\r\n                    <img loading=\"lazy\" decoding=\"async\" width=\"600\" height=\"400\" src=\"https:\/\/plansaludando.com\/trinidad-and-tobago\/wp-content\/uploads\/sites\/3\/2022\/03\/3.png\" class=\"attachment- size-\" alt=\"\" srcset=\"https:\/\/plansaludando.com\/trinidad-and-tobago\/wp-content\/uploads\/sites\/3\/2022\/03\/3.png 600w, https:\/\/plansaludando.com\/trinidad-and-tobago\/wp-content\/uploads\/sites\/3\/2022\/03\/3-300x200.png 300w\" sizes=\"auto, (max-width: 34.9rem) calc(100vw - 2rem), (max-width: 53rem) calc(8 * (100vw \/ 12)), (min-width: 53rem) calc(6 * (100vw \/ 12)), 100vw\" \/>                <\/span>\r\n                            <\/div>\r\n            <div class=\"blurb-content\">\r\n                <p><strong>Check your balance whenever you want<\/strong><\/p>\n<p>From our App you can review your current SaludAndo balance right away!<\/p>\n            <\/div>\r\n                            <div class=\"blurb-footer\" data-string=\"\">\r\n                                    <\/div>\r\n                    <\/div>\r\n                    <\/div>\r\n        \r\n                            <div class=\"vc_blurb manage \">\r\n                <div class=\"vc_blurb custom-baum-blurb blurb-image \">\r\n            <div class=\"blurb-media\"   >\r\n                                <span  class=\"media-wrapper\">\r\n                    <img loading=\"lazy\" decoding=\"async\" width=\"600\" height=\"400\" src=\"https:\/\/plansaludando.com\/trinidad-and-tobago\/wp-content\/uploads\/sites\/3\/2022\/03\/5.png\" class=\"attachment- size-\" alt=\"\" srcset=\"https:\/\/plansaludando.com\/trinidad-and-tobago\/wp-content\/uploads\/sites\/3\/2022\/03\/5.png 600w, https:\/\/plansaludando.com\/trinidad-and-tobago\/wp-content\/uploads\/sites\/3\/2022\/03\/5-300x200.png 300w\" sizes=\"auto, (max-width: 34.9rem) calc(100vw - 2rem), (max-width: 53rem) calc(8 * (100vw \/ 12)), (min-width: 53rem) calc(6 * (100vw \/ 12)), 100vw\" \/>                <\/span>\r\n                            <\/div>\r\n            <div class=\"blurb-content\">\r\n                <p><strong>How good is this!<\/strong><\/p>\n<p>Earn every time you purchase and apply your discounts anytime you choose.<\/p>\n<p>You will always save!.<\/p>\n            <\/div>\r\n                            <div class=\"blurb-footer\" data-string=\"\">\r\n                                    <\/div>\r\n                    <\/div>\r\n                    <\/div>\r\n        \r\n        [\/vc_column][\/vc_row]<\/p>\n<\/div>[\/vc_column][\/vc_row][vc_row][vc_column][vc_empty_space height=&#8221;35px&#8221;][\/vc_column][\/vc_row][vc_row full_width=&#8221;stretch_row&#8221; el_class=&#8221;section-content con-salud-ando cards&#8221; css=&#8221;.vc_custom_1647959904673{background-color: #ffcc00 !important;}&#8221;][vc_column width=&#8221;1\/2&#8243;][vc_column_text]Hey!<\/p>\n<h2>We are Sandoz<\/h2>\n<p>We are a pharmaceutical company where patients are at the center of what we do. We seek daily inspiration to create new opportunities so that more people in Central America and the Caribbean have more options to improve their wellbeing and extend their quality of life.[\/vc_column_text][\/vc_column][vc_column width=&#8221;1\/2&#8243;]                    <div class=\"vc_blurb manage \">\r\n                <div class=\"vc_blurb custom-baum-blurb blurb-image \">\r\n            <div class=\"blurb-media\"   >\r\n                <a href=\"https:\/\/www.cac.sandoz.com\/\" target=\"_blank\">                <span  class=\"media-wrapper\">\r\n                    <img loading=\"lazy\" decoding=\"async\" width=\"424\" height=\"283\" src=\"https:\/\/plansaludando.com\/trinidad-and-tobago\/wp-content\/uploads\/sites\/3\/2022\/09\/Pareja_Senior.png\" class=\"attachment- size-\" alt=\"\" srcset=\"https:\/\/plansaludando.com\/trinidad-and-tobago\/wp-content\/uploads\/sites\/3\/2022\/09\/Pareja_Senior.png 424w, https:\/\/plansaludando.com\/trinidad-and-tobago\/wp-content\/uploads\/sites\/3\/2022\/09\/Pareja_Senior-300x200.png 300w\" sizes=\"auto, (max-width: 34.9rem) calc(100vw - 2rem), (max-width: 53rem) calc(8 * (100vw \/ 12)), (min-width: 53rem) calc(6 * (100vw \/ 12)), 100vw\" \/>                <\/span>\r\n                <\/a>            <\/div>\r\n            <div class=\"blurb-content\">\r\n                <p>We are accessible medications, with affordable costs for our patients. [1]<\/p>\n<p>We are experience, effort and pride.<\/p>\n<p>Learn more at <a href=\"https:\/\/www.cac.sandoz.com\" target=\"_blank\" rel=\"noopener\">www.cac.sandoz.com<\/a><\/p>\n<p><small>CC2209099295 APP: Set 2022<\/small><\/p>\n<p>Reference:<br \/>\n<small>1 https:\/\/www.sandoz.com\/about-us\/who-we-are\/sandoz-brand<\/small><\/p>\n            <\/div>\r\n                            <div class=\"blurb-footer\" data-string=\"\">\r\n                                    <\/div>\r\n                    <\/div>\r\n                    <\/div>\r\n        \r\n        [\/vc_column][\/vc_row][vc_row][vc_column][vc_empty_space height=&#8221;15px&#8221;][\/vc_column][\/vc_row][vc_row el_class=&#8221;section-content con-salud-ando reverse sociales&#8221;][vc_column width=&#8221;1\/2&#8243; css=&#8221;.vc_custom_1647965679407{background-color: #eeceef !important;}&#8221;][vc_column_text]Sharing life<\/p>\n<h2>We are with you<\/h2>\n<p>Start a conversation with your loved ones about what really matters in this life. In our app, you will find stories with messages you can share to start that conversation.[\/vc_column_text][\/vc_column][vc_column width=&#8221;1\/2&#8243; el_class=&#8221;add_division&#8221; css=&#8221;.vc_custom_1647965671509{background-color: #eeceef !important;}&#8221;][vc_single_image image=&#8221;695&#8243; img_size=&#8221;full&#8221; alignment=&#8221;center&#8221;][\/vc_column][\/vc_row][vc_row][vc_column][vc_empty_space height=&#8221;35px&#8221;][\/vc_column][\/vc_row][vc_row el_class=&#8221;section-content con-salud-ando&#8221;][vc_column width=&#8221;1\/2&#8243; css=&#8221;.vc_custom_1647965698317{background-color: #ffcc00 !important;}&#8221;][vc_column_text]Nice!<\/p>\n<h2>Healthy content feed<\/h2>\n<p>At SaludAndo we are interested in wellness! That\u00b4s why in this<br \/>\nsection you will find articles, materials, images and much more! Here you will find relevant information to enable taking care of yourself a better experience today.[\/vc_column_text][\/vc_column][vc_column width=&#8221;1\/2&#8243; el_class=&#8221;add_division&#8221; css=&#8221;.vc_custom_1647965690344{background-color: #ffcc00 !important;}&#8221;][vc_single_image image=&#8221;727&#8243; img_size=&#8221;full&#8221; alignment=&#8221;center&#8221;][\/vc_column][\/vc_row][vc_row][vc_column][vc_empty_space height=&#8221;50px&#8221;][\/vc_column][\/vc_row][vc_row][vc_column][vc_column_text]<\/p>\n<p style=\"text-align: center;\">Look!<\/p>\n<h2 style=\"text-align: center;\">What\u00b4s new in our healthy content feed<\/h2>\n<p>[\/vc_column_text][\/vc_column][\/vc_row][vc_row el_class=&#8221;section-tabs section-feed-saludable&#8221;][vc_column][vc_tta_tabs][vc_tta_section title=&#8221;Articles&#8221; tab_id=&#8221;1652903468932-2f865274-d8af&#8221;][vc_row_inner el_class=&#8221;section-feed-saludable heading&#8221;][vc_column_inner width=&#8221;1\/3&#8243;][vc_custom_heading text=&#8221;Heart Health&#8221; font_container=&#8221;tag:h4|text_align:left&#8221; use_theme_fonts=&#8221;yes&#8221; css_animation=&#8221;fadeInLeft&#8221;][\/vc_column_inner][vc_column_inner width=&#8221;2\/3&#8243;][vc_column_text css_animation=&#8221;fadeInRight&#8221;]Heart health is the most important thing, take care of it with us![\/vc_column_text][\/vc_column_inner][\/vc_row_inner][vc_row_inner css=&#8221;.vc_custom_1652976008106{margin-bottom: 40px !important;}&#8221;][vc_column_inner]        <div class=\" baumchild_grid\">\n            <div class=\"baumchild_grid_container d-flex flex-wrap py-3  cS-hidden\"> \n                                    <p class=\"text-center\"><strong>No hubo respuesta o no hay art\u00edculos en esta categor\u00eda.<\/strong><\/p>\n                            <\/div>\n        <\/div>\n        [\/vc_column_inner][\/vc_row_inner][vc_row_inner el_class=&#8221;section-feed-saludable heading&#8221;][vc_column_inner width=&#8221;1\/3&#8243;][vc_custom_heading text=&#8221;Wellness&#8221; font_container=&#8221;tag:h4|text_align:left&#8221; use_theme_fonts=&#8221;yes&#8221; css_animation=&#8221;fadeInLeft&#8221;][\/vc_column_inner][vc_column_inner width=&#8221;2\/3&#8243;][vc_column_text css_animation=&#8221;fadeInRight&#8221;]If your goal is to have a healthier life, this section is perfect for you, here you can find information to take better care of your health.[\/vc_column_text][\/vc_column_inner][\/vc_row_inner][vc_row_inner css=&#8221;.vc_custom_1652976017622{margin-bottom: 40px !important;}&#8221;][vc_column_inner]        <div class=\" baumchild_grid\">\n            <div class=\"baumchild_grid_container d-flex flex-wrap py-3  cS-hidden\"> \n                                    <p class=\"text-center\"><strong>No hubo respuesta o no hay art\u00edculos en esta categor\u00eda.<\/strong><\/p>\n                            <\/div>\n        <\/div>\n        [\/vc_column_inner][\/vc_row_inner][\/vc_tta_section][vc_tta_section title=&#8221;Useful material&#8221; tab_id=&#8221;1652903468949-9223964b-fae1&#8243;][vc_row_inner el_class=&#8221;section-feed-saludable heading&#8221;][vc_column_inner width=&#8221;1\/3&#8243;][vc_custom_heading text=&#8221;Material \u00fatil&#8221; font_container=&#8221;tag:h4|text_align:left&#8221; use_theme_fonts=&#8221;yes&#8221; css_animation=&#8221;fadeInLeft&#8221;][\/vc_column_inner][vc_column_inner width=&#8221;2\/3&#8243;][vc_column_text css_animation=&#8221;fadeInRight&#8221;]Para que este camino sea a\u00fan m\u00e1s entretenido, le compartimos en esta secci\u00f3n material de apoyo, consejos, im\u00e1genes, y mucho m\u00e1s.[\/vc_column_text][\/vc_column_inner][\/vc_row_inner][vc_row_inner][vc_column_inner]        <div class=\" baumchild_grid\">\n            <div class=\"baumchild_grid_container d-flex flex-wrap py-3  cS-hidden\"> \n                                    <p class=\"text-center\"><strong>No hubo respuesta o no hay art\u00edculos en esta categor\u00eda.<\/strong><\/p>\n                            <\/div>\n        <\/div>\n        [\/vc_column_inner][\/vc_row_inner][\/vc_tta_section][\/vc_tta_tabs][\/vc_column][\/vc_row][vc_row][vc_column][vc_empty_space height=&#8221;50px&#8221;][\/vc_column][\/vc_row]<\/p>\n<\/div>","protected":false},"excerpt":{"rendered":"<p>[vc_row el_class=&#8221;section-heading&#8221;][vc_column][vc_column_text el_class=&#8221;line-height&#8221;] We want to welcome you and support you always! Enjoy the experience of saving every time you get one of the SaludAndo selected medications at your preferred pharmacy. Enjoy the full experience downloading SaludAndo App [\/vc_column_text][vc_empty_space height=&#8221;35px&#8221;][\/vc_column][\/vc_row][vc_row el_class=&#8221;section-content con-salud-ando carrusel&#8221;][vc_column width=&#8221;1\/2&#8243; css=&#8221;.vc_custom_1647901302641{background-color: #d2ebfe !important;}&#8221;][vc_column_text]Hi! Learn more by following these tips We want&hellip;<\/p>\n","protected":false},"author":1,"featured_media":0,"parent":0,"menu_order":0,"comment_status":"closed","ping_status":"closed","template":"","meta":{"_acf_changed":false,"inline_featured_image":false,"footnotes":""},"class_list":["post-26","page","type-page","status-publish","hentry","entry"],"acf":[],"_links":{"self":[{"href":"https:\/\/plansaludando.com\/trinidad-and-tobago\/wp-json\/wp\/v2\/pages\/26","targetHints":{"allow":["GET"]}}],"collection":[{"href":"https:\/\/plansaludando.com\/trinidad-and-tobago\/wp-json\/wp\/v2\/pages"}],"about":[{"href":"https:\/\/plansaludando.com\/trinidad-and-tobago\/wp-json\/wp\/v2\/types\/page"}],"author":[{"embeddable":true,"href":"https:\/\/plansaludando.com\/trinidad-and-tobago\/wp-json\/wp\/v2\/users\/1"}],"replies":[{"embeddable":true,"href":"https:\/\/plansaludando.com\/trinidad-and-tobago\/wp-json\/wp\/v2\/comments?post=26"}],"version-history":[{"count":34,"href":"https:\/\/plansaludando.com\/trinidad-and-tobago\/wp-json\/wp\/v2\/pages\/26\/revisions"}],"predecessor-version":[{"id":793,"href":"https:\/\/plansaludando.com\/trinidad-and-tobago\/wp-json\/wp\/v2\/pages\/26\/revisions\/793"}],"wp:attachment":[{"href":"https:\/\/plansaludando.com\/trinidad-and-tobago\/wp-json\/wp\/v2\/media?parent=26"}],"curies":[{"name":"wp","href":"https:\/\/api.w.org\/{rel}","templated":true}]}}